{"id":1795,"date":"2023-07-13T10:07:38","date_gmt":"2023-07-13T10:07:38","guid":{"rendered":"https:\/\/souahel-epices.com\/?page_id=1795"},"modified":"2023-07-25T17:10:31","modified_gmt":"2023-07-25T17:10:31","slug":"explorations-culinaires","status":"publish","type":"page","link":"https:\/\/souahel-epices.com\/ar\/explorations-culinaires\/","title":{"rendered":"\u0627\u0644\u0627\u0633\u062a\u0643\u0634\u0627\u0641\u0627\u062a \u0627\u0644\u0637\u0647\u0648\u064a\u0629"},"content":{"rendered":"<div data-elementor-type=\"wp-page\" data-elementor-id=\"1795\" class=\"elementor elementor-1795\" data-elementor-post-type=\"page\">\n\t\t\t\t<div class=\"elementor-element elementor-element-7a5bb10 e-flex e-con-boxed e-con e-parent\" data-id=\"7a5bb10\" data-element_type=\"container\">\n\t\t\t\t\t<div class=\"e-con-inner\">\n\t\t\t\t<div class=\"elementor-element elementor-element-9f30ab2 elementor-widget elementor-widget-heading\" data-id=\"9f30ab2\" data-element_type=\"widget\" data-widget_type=\"heading.default\">\n\t\t\t\t\t<h1 class=\"elementor-heading-title elementor-size-default\">\u0627\u0644\u0627\u0633\u062a\u0643\u0634\u0627\u0641\u0627\u062a \u0627\u0644\u0637\u0647\u0648\u064a\u0629<\/h1>\t\t\t\t<\/div>\n\t\t\t\t<div class=\"elementor-element elementor-element-5181d37 elementor-grid-tablet-3 elementor-posts--align-left elementor-widget__width-initial elementor-grid-3 elementor-grid-mobile-1 elementor-posts--thumbnail-top elementor-widget elementor-widget-posts\" data-id=\"5181d37\" data-element_type=\"widget\" data-settings=\"{&quot;classic_columns_tablet&quot;:&quot;3&quot;,&quot;classic_row_gap_mobile&quot;:{&quot;unit&quot;:&quot;px&quot;,&quot;size&quot;:25,&quot;sizes&quot;:[]},&quot;classic_columns&quot;:&quot;3&quot;,&quot;classic_columns_mobile&quot;:&quot;1&quot;,&quot;classic_row_gap&quot;:{&quot;unit&quot;:&quot;px&quot;,&quot;size&quot;:35,&quot;sizes&quot;:[]},&quot;classic_row_gap_tablet&quot;:{&quot;unit&quot;:&quot;px&quot;,&quot;size&quot;:&quot;&quot;,&quot;sizes&quot;:[]}}\" data-widget_type=\"posts.classic\">\n\t\t\t\t<div class=\"elementor-widget-container\">\n\t\t\t\t\t\t\t<div class=\"elementor-posts-container elementor-posts elementor-posts--skin-classic elementor-grid\">\n\t\t\t\t<article class=\"elementor-post elementor-grid-item post-2452 post type-post status-publish format-standard has-post-thumbnail hentry category-uncategorized\">\n\t\t\t\t<a class=\"elementor-post__thumbnail__link\" href=\"https:\/\/souahel-epices.com\/ar\/__trashed\/\" tabindex=\"-1\" >\n\t\t\t<div class=\"elementor-post__thumbnail\"><img fetchpriority=\"high\" decoding=\"async\" width=\"169\" height=\"300\" src=\"https:\/\/souahel-epices.com\/wp-content\/uploads\/2023\/06\/IMG_20240909_094112_131-169x300.jpg\" class=\"attachment-medium size-medium wp-image-2457 wvs-archive-product-image\" alt=\"\" srcset=\"https:\/\/souahel-epices.com\/wp-content\/uploads\/2023\/06\/IMG_20240909_094112_131-169x300.jpg 169w, https:\/\/souahel-epices.com\/wp-content\/uploads\/2023\/06\/IMG_20240909_094112_131-576x1024.jpg 576w, https:\/\/souahel-epices.com\/wp-content\/uploads\/2023\/06\/IMG_20240909_094112_131-768x1365.jpg 768w, https:\/\/souahel-epices.com\/wp-content\/uploads\/2023\/06\/IMG_20240909_094112_131-864x1536.jpg 864w, https:\/\/souahel-epices.com\/wp-content\/uploads\/2023\/06\/IMG_20240909_094112_131-7x12.jpg 7w, https:\/\/souahel-epices.com\/wp-content\/uploads\/2023\/06\/IMG_20240909_094112_131-338x600.jpg 338w, https:\/\/souahel-epices.com\/wp-content\/uploads\/2023\/06\/IMG_20240909_094112_131-600x1067.jpg 600w, https:\/\/souahel-epices.com\/wp-content\/uploads\/2023\/06\/IMG_20240909_094112_131.jpg 1080w\" sizes=\"(max-width: 169px) 100vw, 169px\" \/><\/div>\n\t\t<\/a>\n\t\t\t\t<div class=\"elementor-post__text\">\n\t\t\t\t<h3 class=\"elementor-post__title\">\n\t\t\t<a href=\"https:\/\/souahel-epices.com\/ar\/__trashed\/\" >\n\t\t\t\tSp\u00e9cial Merguez un m\u00e9lange d&rsquo;\u00e9pices\t\t\t<\/a>\n\t\t<\/h3>\n\t\t\t\t<div class=\"elementor-post__excerpt\">\n\t\t\t<p>Description \u00c0 la recherche d&rsquo;une recette d&rsquo;\u00e9pices pour<\/p>\n\t\t<\/div>\n\t\t\n\t\t<a class=\"elementor-post__read-more\" href=\"https:\/\/souahel-epices.com\/ar\/__trashed\/\" aria-label=\"Read more about Sp\u00e9cial Merguez un m\u00e9lange d&rsquo;\u00e9pices\" tabindex=\"-1\" >\n\t\t\tLire plus \u00bb\t\t<\/a>\n\n\t\t\t\t<\/div>\n\t\t\t\t<\/article>\n\t\t\t\t<article class=\"elementor-post elementor-grid-item post-2445 post type-post status-publish format-standard hentry category-uncategorized\">\n\t\t\t\t<div class=\"elementor-post__text\">\n\t\t\t\t<h3 class=\"elementor-post__title\">\n\t\t\t<a href=\"https:\/\/souahel-epices.com\/ar\/le-cumin-en-algerie-historique-et-perspectives-de-culture\/\" >\n\t\t\t\tLe Cumin en Alg\u00e9rie : Historique et Perspectives de Culture\t\t\t<\/a>\n\t\t<\/h3>\n\t\t\t\t<div class=\"elementor-post__excerpt\">\n\t\t\t<p>Le Cumin en Alg\u00e9rie : Historique et Perspectives<\/p>\n\t\t<\/div>\n\t\t\n\t\t<a class=\"elementor-post__read-more\" href=\"https:\/\/souahel-epices.com\/ar\/le-cumin-en-algerie-historique-et-perspectives-de-culture\/\" aria-label=\"Read more about Le Cumin en Alg\u00e9rie : Historique et Perspectives de Culture\" tabindex=\"-1\" >\n\t\t\tLire plus \u00bb\t\t<\/a>\n\n\t\t\t\t<\/div>\n\t\t\t\t<\/article>\n\t\t\t\t<article class=\"elementor-post elementor-grid-item post-1709 post type-post status-publish format-standard has-post-thumbnail hentry category-uncategorized\">\n\t\t\t\t<a class=\"elementor-post__thumbnail__link\" href=\"https:\/\/souahel-epices.com\/ar\/comment-bien-choisir-ses-epices-pour-une-cuisine-savoureuse\/\" tabindex=\"-1\" >\n\t\t\t<div class=\"elementor-post__thumbnail\"><img decoding=\"async\" width=\"291\" height=\"300\" src=\"https:\/\/souahel-epices.com\/wp-content\/uploads\/2023\/06\/Rectangle-8-291x300.png\" class=\"attachment-medium size-medium wp-image-161 wvs-archive-product-image\" alt=\"\" srcset=\"https:\/\/souahel-epices.com\/wp-content\/uploads\/2023\/06\/Rectangle-8-291x300.png 291w, https:\/\/souahel-epices.com\/wp-content\/uploads\/2023\/06\/Rectangle-8-600x619.png 600w, https:\/\/souahel-epices.com\/wp-content\/uploads\/2023\/06\/Rectangle-8-768x793.png 768w, https:\/\/souahel-epices.com\/wp-content\/uploads\/2023\/06\/Rectangle-8.png 778w\" sizes=\"(max-width: 291px) 100vw, 291px\" \/><\/div>\n\t\t<\/a>\n\t\t\t\t<div class=\"elementor-post__text\">\n\t\t\t\t<h3 class=\"elementor-post__title\">\n\t\t\t<a href=\"https:\/\/souahel-epices.com\/ar\/comment-bien-choisir-ses-epices-pour-une-cuisine-savoureuse\/\" >\n\t\t\t\t\u0643\u064a\u0641\u064a\u0629 \u0627\u062e\u062a\u064a\u0627\u0631 \u0627\u0644\u062a\u0648\u0627\u0628\u0644 \u0627\u0644\u0645\u0646\u0627\u0633\u0628\u0629 \u0644\u062a\u062d\u0636\u064a\u0631 \u0623\u0637\u0628\u0627\u0642 \u0644\u0630\u064a\u0630\u0629\t\t\t<\/a>\n\t\t<\/h3>\n\t\t\t\t<div class=\"elementor-post__excerpt\">\n\t\t\t<p>Introduction Dans cet article, nous allons vous guider<\/p>\n\t\t<\/div>\n\t\t\n\t\t<a class=\"elementor-post__read-more\" href=\"https:\/\/souahel-epices.com\/ar\/comment-bien-choisir-ses-epices-pour-une-cuisine-savoureuse\/\" aria-label=\"Read more about Comment Bien Choisir ses \u00c9pices pour une Cuisine Savoureuse\" tabindex=\"-1\" >\n\t\t\tLire plus \u00bb\t\t<\/a>\n\n\t\t\t\t<\/div>\n\t\t\t\t<\/article>\n\t\t\t\t<\/div>\n\t\t\n\t\t\t\t\t\t<\/div>\n\t\t\t\t<\/div>\n\t\t\t\t\t<\/div>\n\t\t\t\t<\/div>\n\t\t\t\t<\/div>","protected":false},"excerpt":{"rendered":"<p>\u0627\u0644\u0627\u0633\u062a\u0643\u0634\u0627\u0641\u0627\u062a \u0627\u0644\u0637\u0647\u0648\u064a\u0629<\/p>","protected":false},"author":1,"featured_media":0,"parent":0,"menu_order":0,"comment_status":"closed","ping_status":"closed","template":"","meta":{"_acf_changed":false,"_monsterinsights_skip_tracking":false,"_monsterinsights_sitenote_active":false,"_monsterinsights_sitenote_note":"","_monsterinsights_sitenote_category":0,"footnotes":""},"class_list":["post-1795","page","type-page","status-publish","hentry"],"acf":[],"_links":{"self":[{"href":"https:\/\/souahel-epices.com\/ar\/wp-json\/wp\/v2\/pages\/1795","targetHints":{"allow":["GET"]}}],"collection":[{"href":"https:\/\/souahel-epices.com\/ar\/wp-json\/wp\/v2\/pages"}],"about":[{"href":"https:\/\/souahel-epices.com\/ar\/wp-json\/wp\/v2\/types\/page"}],"author":[{"embeddable":true,"href":"https:\/\/souahel-epices.com\/ar\/wp-json\/wp\/v2\/users\/1"}],"replies":[{"embeddable":true,"href":"https:\/\/souahel-epices.com\/ar\/wp-json\/wp\/v2\/comments?post=1795"}],"version-history":[{"count":22,"href":"https:\/\/souahel-epices.com\/ar\/wp-json\/wp\/v2\/pages\/1795\/revisions"}],"predecessor-version":[{"id":2188,"href":"https:\/\/souahel-epices.com\/ar\/wp-json\/wp\/v2\/pages\/1795\/revisions\/2188"}],"wp:attachment":[{"href":"https:\/\/souahel-epices.com\/ar\/wp-json\/wp\/v2\/media?parent=1795"}],"curies":[{"name":"wp","href":"https:\/\/api.w.org\/{rel}","templated":true}]}}