{"id":4521,"date":"2025-07-06T11:56:28","date_gmt":"2025-07-06T11:56:28","guid":{"rendered":"https:\/\/souahel-epices.com\/?page_id=4521"},"modified":"2025-07-06T14:00:53","modified_gmt":"2025-07-06T14:00:53","slug":"confirmation-de-commande","status":"publish","type":"page","link":"https:\/\/souahel-epices.com\/ar\/confirmation-de-commande\/","title":{"rendered":"Confirmation de commande"},"content":{"rendered":"<div data-elementor-type=\"wp-page\" data-elementor-id=\"4521\" class=\"elementor elementor-4521\" data-elementor-post-type=\"page\">\n\t\t\t\t<div class=\"elementor-element elementor-element-923ec80 e-flex e-con-boxed e-con e-parent\" data-id=\"923ec80\" data-element_type=\"container\">\n\t\t\t\t\t<div class=\"e-con-inner\">\n\t\t\t\t<div class=\"elementor-element elementor-element-77a51a3 elementor-widget elementor-widget-heading\" data-id=\"77a51a3\" data-element_type=\"widget\" data-widget_type=\"heading.default\">\n\t\t\t\t\t<h2 class=\"elementor-heading-title elementor-size-default\">Votre Commande a \u00e9t\u00e9 enregistr\u00e9 avec succ\u00e8s <\/h2>\t\t\t\t<\/div>\n\t\t\t\t<div class=\"elementor-element elementor-element-b004b16 elementor-widget elementor-widget-text-editor\" data-id=\"b004b16\" data-element_type=\"widget\" data-widget_type=\"text-editor.default\">\n\t\t\t\t\t\t\t\t\t<p>Notre \u00e9quipe vous appellerons tr\u00e8s bient\u00f4t pour faire suite. Merci pour votre confiance<\/p>\t\t\t\t\t\t\t\t<\/div>\n\t\t\t\t<div class=\"elementor-element elementor-element-f6dda6c elementor-widget elementor-widget-html\" data-id=\"f6dda6c\" data-element_type=\"widget\" data-widget_type=\"html.default\">\n\t\t\t\t\t<div id=\"params\"><\/div>\r\n\r\n  <script>\r\n    \/\/ Fonction pour lire les param\u00e8tres GET\r\n    function getQueryParams() {\r\n      const params = new URLSearchParams(window.location.search);\r\n      let output = \"<ul>\";\r\n      for (const [key, value] of params.entries()) {\r\n        output += `<li><strong>${key}<\/strong> : ${value}<\/li>`;\r\n      }\r\n      output += \"<\/ul>\";\r\n      return output;\r\n    }\r\n\r\n    \/\/ Affichage dans le div\r\n    document.getElementById(\"params\").innerHTML = getQueryParams();\r\n  <\/script>\t\t\t\t<\/div>\n\t\t\t\t<div class=\"elementor-element elementor-element-9aea91c elementor-widget elementor-widget-button\" data-id=\"9aea91c\" data-element_type=\"widget\" data-widget_type=\"button.default\">\n\t\t\t\t\t\t\t\t\t\t<a class=\"elementor-button elementor-button-link elementor-size-sm\" href=\"https:\/\/souahel-epices.com\/ar\/tous-les-produits\/\">\n\t\t\t\t\t\t<span class=\"elementor-button-content-wrapper\">\n\t\t\t\t\t\t\t\t\t<span class=\"elementor-button-text\">Explorer plus de produits<\/span>\n\t\t\t\t\t<\/span>\n\t\t\t\t\t<\/a>\n\t\t\t\t\t\t\t\t<\/div>\n\t\t\t\t\t<\/div>\n\t\t\t\t<\/div>\n\t\t\t\t<\/div>","protected":false},"excerpt":{"rendered":"<p>Votre Commande a \u00e9t\u00e9 enregistr\u00e9 avec succ\u00e8s Notre \u00e9quipe vous appellerons tr\u00e8s bient\u00f4t pour faire suite. Merci pour votre confiance Explorer plus de produits<\/p>","protected":false},"author":1,"featured_media":0,"parent":0,"menu_order":0,"comment_status":"closed","ping_status":"closed","template":"","meta":{"_acf_changed":false,"_monsterinsights_skip_tracking":false,"_monsterinsights_sitenote_active":false,"_monsterinsights_sitenote_note":"","_monsterinsights_sitenote_category":0,"footnotes":""},"class_list":["post-4521","page","type-page","status-publish","hentry"],"acf":[],"_links":{"self":[{"href":"https:\/\/souahel-epices.com\/ar\/wp-json\/wp\/v2\/pages\/4521","targetHints":{"allow":["GET"]}}],"collection":[{"href":"https:\/\/souahel-epices.com\/ar\/wp-json\/wp\/v2\/pages"}],"about":[{"href":"https:\/\/souahel-epices.com\/ar\/wp-json\/wp\/v2\/types\/page"}],"author":[{"embeddable":true,"href":"https:\/\/souahel-epices.com\/ar\/wp-json\/wp\/v2\/users\/1"}],"replies":[{"embeddable":true,"href":"https:\/\/souahel-epices.com\/ar\/wp-json\/wp\/v2\/comments?post=4521"}],"version-history":[{"count":3,"href":"https:\/\/souahel-epices.com\/ar\/wp-json\/wp\/v2\/pages\/4521\/revisions"}],"predecessor-version":[{"id":4552,"href":"https:\/\/souahel-epices.com\/ar\/wp-json\/wp\/v2\/pages\/4521\/revisions\/4552"}],"wp:attachment":[{"href":"https:\/\/souahel-epices.com\/ar\/wp-json\/wp\/v2\/media?parent=4521"}],"curies":[{"name":"wp","href":"https:\/\/api.w.org\/{rel}","templated":true}]}}