{"id":56,"date":"2023-06-12T19:55:57","date_gmt":"2023-06-12T19:55:57","guid":{"rendered":"https:\/\/souahel-epices.com\/?page_id=56"},"modified":"2024-07-21T20:39:39","modified_gmt":"2024-07-21T20:39:39","slug":"a-propos","status":"publish","type":"page","link":"https:\/\/souahel-epices.com\/ar\/a-propos\/","title":{"rendered":"\u062d\u0648\u0644"},"content":{"rendered":"<div data-elementor-type=\"wp-page\" data-elementor-id=\"56\" class=\"elementor elementor-56\" data-elementor-post-type=\"page\">\n\t\t\t\t<div class=\"elementor-element elementor-element-58364f9 e-flex e-con-boxed e-con e-parent\" data-id=\"58364f9\" data-element_type=\"container\">\n\t\t\t\t\t<div class=\"e-con-inner\">\n\t\t<div class=\"elementor-element elementor-element-f2dbe5a e-con-full e-flex e-con e-child\" data-id=\"f2dbe5a\" data-element_type=\"container\">\n\t\t\t\t<div class=\"elementor-element elementor-element-cb44684 elementor-widget elementor-widget-heading\" data-id=\"cb44684\" data-element_type=\"widget\" data-widget_type=\"heading.default\">\n\t\t\t\t\t<h2 class=\"elementor-heading-title elementor-size-default\">\u062d\u0648\u0644 \u062a\u0648\u0627\u0628\u0644 \u0633\u0648\u0627\u062d\u0644<\/h2>\t\t\t\t<\/div>\n\t\t\t\t<div class=\"elementor-element elementor-element-40b8cce elementor-widget elementor-widget-heading\" data-id=\"40b8cce\" data-element_type=\"widget\" data-widget_type=\"heading.default\">\n\t\t\t\t\t<h3 class=\"elementor-heading-title elementor-size-default\">\u0642\u0635\u062a\u0646\u0627<\/h3>\t\t\t\t<\/div>\n\t\t\t\t<div class=\"elementor-element elementor-element-4efacdf elementor-widget elementor-widget-text-editor\" data-id=\"4efacdf\" data-element_type=\"widget\" data-widget_type=\"text-editor.default\">\n\t\t\t\t\t\t\t\t\t<p>Souahel est une entreprise familiale qui a plus d&rsquo;un quart de si\u00e8cle d&rsquo;existence, engag\u00e9e \u00e0 offrir des \u00e9pices de la plus haute qualit\u00e9 qui puissent exister sur le march\u00e9 national. Notre mission principale est de combler le manque flagrant de produits de qualit\u00e9 dans le domaine des \u00e9pices en Alg\u00e9rie. Notre objectif est de proposer des produits de la meilleure qualit\u00e9 possible, r\u00e9pondant aux besoins de notre cuisine nord-africaine tout en simplifiant de nombreuses recettes culinaires.<\/p><p>\u0627\u0644\u062c\u0648\u062f\u0629 \u0643\u0627\u0646\u062a \u062f\u0627\u0626\u0645\u064b\u0627 \u0634\u0639\u0627\u0631\u0646\u0627 \u0648\u0645\u0646\u0630 \u0628\u062f\u0627\u064a\u0627\u062a\u0646\u0627\u060c \u0648\u0636\u0639\u0646\u0627 \u0623\u0646\u0641\u0633\u0646\u0627 \u0643\u0645\u0631\u062c\u0639 \u0641\u064a \u0645\u062c\u0627\u0644 \u0627\u0644\u062c\u0648\u062f\u0629 \u0641\u064a \u0639\u0627\u0644\u0645 \u0627\u0644\u062a\u0648\u0627\u0628\u0644. \u0627\u0644\u062a\u0632\u0627\u0645\u0646\u0627 \u062a\u062c\u0627\u0647 \u0639\u0645\u0644\u0627\u0626\u0646\u0627 \u062f\u0627\u0626\u0645\u060c \u0648\u0646\u0639\u0645\u0644 \u0628\u0644\u0627 \u0643\u0644\u0644 \u0644\u062a\u0644\u0628\u064a\u0629 \u062a\u0648\u0642\u0639\u0627\u062a\u0647\u0645 \u0648\u0645\u062a\u0637\u0644\u0628\u0627\u062a\u0647\u0645.<\/p>\t\t\t\t\t\t\t\t<\/div>\n\t\t\t\t<\/div>\n\t\t<div class=\"elementor-element elementor-element-4416b26 e-con-full e-flex e-con e-child\" data-id=\"4416b26\" data-element_type=\"container\">\n\t\t\t\t<div class=\"elementor-element elementor-element-70c2c17 elementor-widget elementor-widget-image\" data-id=\"70c2c17\" data-element_type=\"widget\" data-widget_type=\"image.default\">\n\t\t\t\t\t\t\t\t\t\t\t\t\t\t\t<img fetchpriority=\"high\" decoding=\"async\" width=\"800\" height=\"800\" src=\"https:\/\/souahel-epices.com\/wp-content\/uploads\/2023\/06\/side-view-lule-kebab-with-tomato-paper-ayran-hand-adds-spices-serving-board-1024x1024.jpg\" class=\"attachment-large size-large wp-image-403 wvs-archive-product-image\" alt=\"\" srcset=\"https:\/\/souahel-epices.com\/wp-content\/uploads\/2023\/06\/side-view-lule-kebab-with-tomato-paper-ayran-hand-adds-spices-serving-board-1024x1024.jpg 1024w, https:\/\/souahel-epices.com\/wp-content\/uploads\/2023\/06\/side-view-lule-kebab-with-tomato-paper-ayran-hand-adds-spices-serving-board-300x300.jpg 300w, https:\/\/souahel-epices.com\/wp-content\/uploads\/2023\/06\/side-view-lule-kebab-with-tomato-paper-ayran-hand-adds-spices-serving-board-100x100.jpg 100w, https:\/\/souahel-epices.com\/wp-content\/uploads\/2023\/06\/side-view-lule-kebab-with-tomato-paper-ayran-hand-adds-spices-serving-board-600x600.jpg 600w, https:\/\/souahel-epices.com\/wp-content\/uploads\/2023\/06\/side-view-lule-kebab-with-tomato-paper-ayran-hand-adds-spices-serving-board-150x150.jpg 150w, https:\/\/souahel-epices.com\/wp-content\/uploads\/2023\/06\/side-view-lule-kebab-with-tomato-paper-ayran-hand-adds-spices-serving-board-768x768.jpg 768w, https:\/\/souahel-epices.com\/wp-content\/uploads\/2023\/06\/side-view-lule-kebab-with-tomato-paper-ayran-hand-adds-spices-serving-board.jpg 1500w\" sizes=\"(max-width: 800px) 100vw, 800px\" \/>\t\t\t\t\t\t\t\t\t\t\t\t\t\t\t<\/div>\n\t\t\t\t<\/div>\n\t\t\t\t\t<\/div>\n\t\t\t\t<\/div>\n\t\t<div class=\"elementor-element elementor-element-af88241 e-flex e-con-boxed e-con e-parent\" data-id=\"af88241\" data-element_type=\"container\">\n\t\t\t\t\t<div class=\"e-con-inner\">\n\t\t<div class=\"elementor-element elementor-element-2e596f6 e-con-full e-flex e-con e-child\" data-id=\"2e596f6\" data-element_type=\"container\">\n\t\t\t\t<div class=\"elementor-element elementor-element-ba408e3 elementor-widget elementor-widget-image\" data-id=\"ba408e3\" data-element_type=\"widget\" data-widget_type=\"image.default\">\n\t\t\t\t\t\t\t\t\t\t\t\t\t\t\t<img decoding=\"async\" width=\"740\" height=\"493\" src=\"https:\/\/souahel-epices.com\/wp-content\/uploads\/2023\/06\/directeur-du-restaurant-son-personnel-terrasse-interagissant-chef-du-restaurant_109285-712.jpeg\" class=\"attachment-large size-large wp-image-374 wvs-archive-product-image\" alt=\"\" srcset=\"https:\/\/souahel-epices.com\/wp-content\/uploads\/2023\/06\/directeur-du-restaurant-son-personnel-terrasse-interagissant-chef-du-restaurant_109285-712.jpeg 740w, https:\/\/souahel-epices.com\/wp-content\/uploads\/2023\/06\/directeur-du-restaurant-son-personnel-terrasse-interagissant-chef-du-restaurant_109285-712-600x400.jpeg 600w, https:\/\/souahel-epices.com\/wp-content\/uploads\/2023\/06\/directeur-du-restaurant-son-personnel-terrasse-interagissant-chef-du-restaurant_109285-712-300x200.jpeg 300w\" sizes=\"(max-width: 740px) 100vw, 740px\" \/>\t\t\t\t\t\t\t\t\t\t\t\t\t\t\t<\/div>\n\t\t\t\t<\/div>\n\t\t<div class=\"elementor-element elementor-element-2988855 e-con-full e-flex e-con e-child\" data-id=\"2988855\" data-element_type=\"container\">\n\t\t\t\t<div class=\"elementor-element elementor-element-6e8d631 elementor-widget elementor-widget-heading\" data-id=\"6e8d631\" data-element_type=\"widget\" data-widget_type=\"heading.default\">\n\t\t\t\t\t<h3 class=\"elementor-heading-title elementor-size-default\">\u0627\u0644\u062a\u0632\u0627\u0645\u0646\u0627<\/h3>\t\t\t\t<\/div>\n\t\t\t\t<div class=\"elementor-element elementor-element-75f05b1 elementor-widget elementor-widget-text-editor\" data-id=\"75f05b1\" data-element_type=\"widget\" data-widget_type=\"text-editor.default\">\n\t\t\t\t\t\t\t\t\t<p>\u062a\u062a\u0648\u0644\u0649 \u0634\u0631\u0643\u062a\u0646\u0627 \u0628\u0646\u0641\u0633\u0647\u0627 \u0639\u0645\u0644\u064a\u0629 \u0637\u062d\u0646 \u0648\u062a\u062d\u0636\u064a\u0631 \u062e\u0644\u0637\u0627\u062a \u0627\u0644\u062a\u0648\u0627\u0628\u0644 \u0644\u062f\u064a\u0646\u0627\u060c \u0645\u0645\u0627 \u064a\u0636\u0645\u0646 \u0646\u0636\u0627\u0631\u0629 \u0648\u0623\u0635\u0627\u0644\u0629 \u0644\u0627 \u0645\u062b\u064a\u0644 \u0644\u0647\u0627. \u0646\u062d\u0646 \u0641\u062e\u0648\u0631\u0648\u0646 \u0628\u0645\u0647\u0627\u0631\u0627\u062a\u0646\u0627 \u0648\u062e\u0628\u0631\u062a\u0646\u0627\u060c \u0648\u0646\u0628\u0630\u0644 \u0642\u0635\u0627\u0631\u0649 \u062c\u0647\u062f\u0646\u0627 \u0644\u0644\u062d\u0641\u0627\u0638 \u0639\u0644\u0649 \u0646\u0643\u0647\u0629 \u0648\u062c\u0648\u062f\u0629 \u0645\u0646\u062a\u062c\u0627\u062a\u0646\u0627.<\/p><p>\u062a\u0633\u062a\u0647\u062f\u0641 \u062a\u0648\u0627\u0628\u0644\u0646\u0627 \u0627\u0644\u0645\u062d\u062a\u0631\u0641\u064a\u0646 \u0641\u064a \u0635\u0646\u0627\u0639\u0629 \u0627\u0644\u0623\u063a\u0630\u064a\u0629\u060c \u0648\u0627\u0644\u0637\u0647\u0627\u0629 \u0627\u0644\u0634\u063a\u0648\u0641\u064a\u0646 \u0648\u0643\u0630\u0644\u0643 \u0627\u0644\u0623\u0641\u0631\u0627\u062f \u0627\u0644\u0628\u0627\u062d\u062b\u064a\u0646 \u0639\u0646 \u0645\u0646\u062a\u062c\u0627\u062a \u0627\u0633\u062a\u062b\u0646\u0627\u0626\u064a\u0629 \u0644\u062a\u0632\u064a\u064a\u0646 \u0623\u0637\u0628\u0627\u0642\u0647\u0645.<\/p><p>\u0646\u062d\u0646 \u0645\u0645\u062a\u0646\u0648\u0646 \u0644\u0639\u0645\u0644\u0627\u0626\u0646\u0627 \u0627\u0644\u0623\u0648\u0641\u064a\u0627\u0621 \u0627\u0644\u0630\u064a\u0646 \u0633\u0627\u0647\u0645\u0648\u0627 \u0641\u064a \u0646\u062c\u0627\u062d\u0646\u0627 \u0639\u0644\u0649 \u0645\u0631 \u0627\u0644\u0633\u0646\u064a\u0646. \u062b\u0642\u062a\u0647\u0645 \u0641\u064a \u0634\u0631\u0643\u062a\u0646\u0627 \u0648\u0645\u0646\u062a\u062c\u0627\u062a\u0646\u0627 \u062a\u062f\u0641\u0639\u0646\u0627 \u062f\u0627\u0626\u0645\u064b\u0627 \u0625\u0644\u0649 \u0627\u0644\u062a\u062d\u0633\u064a\u0646 \u0648\u0627\u0644\u0627\u0628\u062a\u0643\u0627\u0631.<\/p><p>\u0646\u062d\u0646 \u0645\u0644\u062a\u0632\u0645\u0648\u0646 \u0628\u062a\u0642\u062f\u064a\u0645 \u062a\u0648\u0627\u0628\u0644 \u0639\u0627\u0644\u064a\u0629 \u0627\u0644\u062c\u0648\u062f\u0629\u060c \u0645\u0639 \u062a\u0642\u062f\u064a\u0645 \u062e\u062f\u0645\u0629 \u0634\u062e\u0635\u064a\u0629 \u0648\u0631\u0636\u0627 \u062a\u0627\u0645 \u0644\u0639\u0645\u0644\u0627\u0626\u0646\u0627 \u0627\u0644\u0643\u0631\u0627\u0645.<\/p><p>\u0646\u062f\u0639\u0648\u0643\u0645 \u0644\u0627\u0643\u062a\u0634\u0627\u0641 \u062a\u0634\u0643\u064a\u0644\u062a\u0646\u0627 \u0627\u0644\u0648\u0627\u0633\u0639\u0629 \u0645\u0646 \u0627\u0644\u062a\u0648\u0627\u0628\u0644 <strong><a href=\"https:\/\/souahel-epices.com\/ar\/tous-les-produits\/\">Large s\u00e9lection d&rsquo;\u00e9pices<\/a><\/strong> \u0648\u062a\u062d\u0648\u064a\u0644 \u0645\u0637\u0628\u062e\u0643\u0645 \u0625\u0644\u0649 \u0645\u0647\u0631\u062c\u0627\u0646 \u062d\u0642\u064a\u0642\u064a \u0645\u0646 \u0627\u0644\u0646\u0643\u0647\u0627\u062a.<\/p>\t\t\t\t\t\t\t\t<\/div>\n\t\t\t\t<\/div>\n\t\t\t\t\t<\/div>\n\t\t\t\t<\/div>\n\t\t<div class=\"elementor-element elementor-element-32089ed e-flex e-con-boxed e-con e-parent\" data-id=\"32089ed\" data-element_type=\"container\">\n\t\t\t\t\t<div class=\"e-con-inner\">\n\t\t\t\t<div class=\"elementor-element elementor-element-4a452ba elementor-widget elementor-widget-heading\" data-id=\"4a452ba\" data-element_type=\"widget\" data-widget_type=\"heading.default\">\n\t\t\t\t\t<h3 class=\"elementor-heading-title elementor-size-default\">\u0644\u0645\u0627\u0630\u0627 \u062a\u062e\u062a\u0627\u0631\u0648\u0646\u0646\u0627\u061f<\/h3>\t\t\t\t<\/div>\n\t\t\t\t<div class=\"elementor-element elementor-element-15b725a elementor-widget__width-initial elementor-widget elementor-widget-text-editor\" data-id=\"15b725a\" data-element_type=\"widget\" data-widget_type=\"text-editor.default\">\n\t\t\t\t\t\t\t\t\t<p>\u0628\u0627\u062e\u062a\u064a\u0627\u0631\u0643\u0645 Souahel Epices\u060c \u062a\u062e\u062a\u0627\u0631\u0648\u0646 \u0645\u0646\u062a\u062c\u0627\u062a \u0639\u0627\u0644\u064a\u0629 \u0627\u0644\u062c\u0648\u062f\u0629\u060c \u062e\u062f\u0645\u0629 \u0634\u062e\u0635\u064a\u0629 \u0648\u0634\u063a\u0641 \u0644\u0627 \u0645\u062b\u064a\u0644 \u0644\u0647 \u0628\u0627\u0644\u0646\u0643\u0647\u0627\u062a \u0627\u0644\u0623\u0635\u064a\u0644\u0629. Souahel Epices \u0647\u064a \u0634\u0631\u0643\u0629 \u0645\u0648\u062b\u0648\u0642\u0629 \u0648\u0645\u0631\u062c\u0639 \u0641\u064a \u0645\u062c\u0627\u0644 \u0627\u0644\u062a\u0648\u0627\u0628\u0644\u060c \u062a\u0642\u062f\u0645 \u0645\u0646\u062a\u062c\u064b\u0627 \u0637\u0628\u064a\u0639\u064a\u064b\u0627 \u0646\u0642\u064a\u064b\u0627 \u062f\u0648\u0646 \u0625\u0636\u0627\u0641\u0627\u062a\u060c \u0645\u0645\u0627 \u064a\u0636\u0645\u0646 \u062a\u062c\u0631\u0628\u0629 \u0637\u0647\u064a \u0627\u0633\u062a\u062b\u0646\u0627\u0626\u064a\u0629. \u062b\u0642\u0648\u0627 \u0628\u062e\u0628\u0631\u062a\u0646\u0627 \u0648\u0627\u0643\u062a\u0634\u0641\u0648\u0627 \u0627\u0644\u0641\u0631\u0642 \u0627\u0644\u0630\u064a \u062a\u0636\u064a\u0641\u0647 \u062a\u0648\u0627\u0628\u0644\u0646\u0627 \u0644\u0623\u0637\u0628\u0627\u0642\u0643\u0645. \u0627\u0633\u062a\u0643\u0634\u0641\u0648\u0627 \u0645\u062c\u0645\u0648\u0639\u0629 \u0645\u0646 \u0627\u0644\u0646\u0643\u0647\u0627\u062a \u0627\u0644\u0641\u0631\u064a\u062f\u0629 \u0627\u0644\u062a\u064a \u062a\u0643\u0634\u0641 \u0639\u0646 \u063a\u0646\u0649 \u0627\u0644\u0645\u0643\u0648\u0646\u0627\u062a \u0627\u0644\u0645\u062e\u062a\u0627\u0631\u0629 \u0628\u0639\u0646\u0627\u064a\u0629 \u0644\u062a\u0642\u062f\u064a\u0645 \u0646\u0643\u0647\u0627\u062a \u0644\u0627 \u0645\u062b\u064a\u0644 \u0644\u0647\u0627.<\/p>\t\t\t\t\t\t\t\t<\/div>\n\t\t\t\t<div class=\"elementor-element elementor-element-7e8882d elementor-widget elementor-widget-image\" data-id=\"7e8882d\" data-element_type=\"widget\" data-widget_type=\"image.default\">\n\t\t\t\t\t\t\t\t\t\t\t\t\t\t\t<img decoding=\"async\" width=\"800\" height=\"534\" src=\"https:\/\/souahel-epices.com\/wp-content\/uploads\/2023\/06\/top-view-islamic-family-eating-together.jpg\" class=\"attachment-large size-large wp-image-404 wvs-archive-product-image\" alt=\"\" srcset=\"https:\/\/souahel-epices.com\/wp-content\/uploads\/2023\/06\/top-view-islamic-family-eating-together.jpg 1000w, https:\/\/souahel-epices.com\/wp-content\/uploads\/2023\/06\/top-view-islamic-family-eating-together-600x400.jpg 600w, https:\/\/souahel-epices.com\/wp-content\/uploads\/2023\/06\/top-view-islamic-family-eating-together-300x200.jpg 300w, https:\/\/souahel-epices.com\/wp-content\/uploads\/2023\/06\/top-view-islamic-family-eating-together-768x512.jpg 768w\" sizes=\"(max-width: 800px) 100vw, 800px\" \/>\t\t\t\t\t\t\t\t\t\t\t\t\t\t\t<\/div>\n\t\t\t\t\t<\/div>\n\t\t\t\t<\/div>\n\t\t\t\t<\/div>","protected":false},"excerpt":{"rendered":"<p>\u00c0 propos de Souahel Epices Notre Histoire Souahel est une entreprise familiale qui a plus d&rsquo;un quart de si\u00e8cle d&rsquo;existence, engag\u00e9e \u00e0 offrir des \u00e9pices de la plus haute qualit\u00e9 qui puissent exister sur le march\u00e9 national. Notre mission principale est de combler le manque flagrant de produits de qualit\u00e9 dans le domaine des \u00e9pices [&hellip;]<\/p>","protected":false},"author":1,"featured_media":0,"parent":0,"menu_order":0,"comment_status":"closed","ping_status":"closed","template":"","meta":{"_acf_changed":false,"_monsterinsights_skip_tracking":false,"_monsterinsights_sitenote_active":false,"_monsterinsights_sitenote_note":"","_monsterinsights_sitenote_category":0,"footnotes":""},"class_list":["post-56","page","type-page","status-publish","hentry"],"acf":[],"_links":{"self":[{"href":"https:\/\/souahel-epices.com\/ar\/wp-json\/wp\/v2\/pages\/56","targetHints":{"allow":["GET"]}}],"collection":[{"href":"https:\/\/souahel-epices.com\/ar\/wp-json\/wp\/v2\/pages"}],"about":[{"href":"https:\/\/souahel-epices.com\/ar\/wp-json\/wp\/v2\/types\/page"}],"author":[{"embeddable":true,"href":"https:\/\/souahel-epices.com\/ar\/wp-json\/wp\/v2\/users\/1"}],"replies":[{"embeddable":true,"href":"https:\/\/souahel-epices.com\/ar\/wp-json\/wp\/v2\/comments?post=56"}],"version-history":[{"count":127,"href":"https:\/\/souahel-epices.com\/ar\/wp-json\/wp\/v2\/pages\/56\/revisions"}],"predecessor-version":[{"id":2442,"href":"https:\/\/souahel-epices.com\/ar\/wp-json\/wp\/v2\/pages\/56\/revisions\/2442"}],"wp:attachment":[{"href":"https:\/\/souahel-epices.com\/ar\/wp-json\/wp\/v2\/media?parent=56"}],"curies":[{"name":"wp","href":"https:\/\/api.w.org\/{rel}","templated":true}]}}