{"id":2465,"date":"2025-04-09T12:02:02","date_gmt":"2025-04-09T12:02:02","guid":{"rendered":"https:\/\/souahel-epices.com\/?post_type=product&#038;p=2465"},"modified":"2025-04-23T13:41:20","modified_gmt":"2025-04-23T13:41:20","slug":"special-poulet-royale","status":"publish","type":"product","link":"https:\/\/souahel-epices.com\/ar\/product\/special-poulet-royale\/","title":{"rendered":"Sp\u00e9cial Poulet Royale"},"content":{"rendered":"<p class=\"\" data-start=\"142\" data-end=\"399\"><strong data-start=\"142\" data-end=\"200\">D\u00e9couvrez notre M\u00e9lange d\u2019\u00e9pices sp\u00e9cial Poulet Royale<\/strong>, une recette unique pens\u00e9e pour sublimer toutes vos pr\u00e9parations \u00e0 base de poulet. Chaque \u00e9pice a \u00e9t\u00e9 soigneusement dos\u00e9e pour cr\u00e9er un \u00e9quilibre parfait entre intensit\u00e9, douceur et ar\u00f4mes profonds.<\/p>\n<p class=\"\" data-start=\"401\" data-end=\"637\">Polyvalent et raffin\u00e9, ce m\u00e9lange s\u2019adapte aussi bien \u00e0 un poulet fermier tendre et savoureux qu\u2019\u00e0 un poulet d\u2019\u00e9levage plus robuste. Il suffit simplement d\u2019ajuster la quantit\u00e9 selon le type de viande pour r\u00e9v\u00e9ler pleinement les saveurs.<\/p>\n<p class=\"\" data-start=\"639\" data-end=\"886\">Id\u00e9al pour les cuissons au four, \u00e0 la po\u00eale, en sauce ou au barbecue, notre m\u00e9lange apporte \u00e0 chaque plat une touche royale et irr\u00e9sistible. Que ce soit pour une cuisine maison ou professionnelle, il transformera vos recettes en v\u00e9ritables succ\u00e8s.<\/p>\n<p class=\"\" data-start=\"888\" data-end=\"970\">Offrez \u00e0 vos plats de poulet une signature gustative qui fera toute la diff\u00e9rence.<\/p>","protected":false},"excerpt":{"rendered":"<p class=\"\" data-start=\"114\" data-end=\"344\"><strong data-start=\"114\" data-end=\"189\">Laissez-vous s\u00e9duire par notre m\u00e9lange d\u2019\u00e9pices sp\u00e9cial Poulet Royale !<\/strong><br data-start=\"189\" data-end=\"192\" \/>Parfaitement \u00e9quilibr\u00e9, il s\u2019adapte aussi bien aux poulets d\u2019\u00e9levage qu\u2019aux poulets fermiers, en r\u00e9v\u00e9lant \u00e0 chaque fois des ar\u00f4mes riches et harmonieux.<\/p>\n<p class=\"\" data-start=\"346\" data-end=\"615\">Que ce soit en cuisine maison, en restaurant ou pour des plats \u00e0 emporter, ce m\u00e9lange unique apportera \u00e0 vos recettes une touche savoureuse qui ne laissera personne indiff\u00e9rent. Offrez \u00e0 vos clients (ou \u00e0 vos invit\u00e9s) une explosion de saveurs audacieuses et m\u00e9morables.<\/p>\n<p class=\"\" data-start=\"617\" data-end=\"685\"><strong data-start=\"617\" data-end=\"667\">Un seul essai suffit pour faire la diff\u00e9rence.<\/strong> \u00c0 vous de jouer !<\/p>","protected":false},"featured_media":2467,"comment_status":"open","ping_status":"closed","template":"","meta":{"_acf_changed":false,"_monsterinsights_skip_tracking":false,"_monsterinsights_sitenote_active":false,"_monsterinsights_sitenote_note":"","_monsterinsights_sitenote_category":0},"product_brand":[],"product_cat":[20],"product_tag":[],"class_list":{"0":"post-2465","1":"product","2":"type-product","3":"status-publish","4":"has-post-thumbnail","6":"product_cat-melanges","8":"first","9":"instock","10":"purchasable","11":"product-type-variable","12":"wvs-archive-product-wrapper"},"acf":[],"_links":{"self":[{"href":"https:\/\/souahel-epices.com\/ar\/wp-json\/wp\/v2\/product\/2465","targetHints":{"allow":["GET"]}}],"collection":[{"href":"https:\/\/souahel-epices.com\/ar\/wp-json\/wp\/v2\/product"}],"about":[{"href":"https:\/\/souahel-epices.com\/ar\/wp-json\/wp\/v2\/types\/product"}],"replies":[{"embeddable":true,"href":"https:\/\/souahel-epices.com\/ar\/wp-json\/wp\/v2\/comments?post=2465"}],"wp:featuredmedia":[{"embeddable":true,"href":"https:\/\/souahel-epices.com\/ar\/wp-json\/wp\/v2\/media\/2467"}],"wp:attachment":[{"href":"https:\/\/souahel-epices.com\/ar\/wp-json\/wp\/v2\/media?parent=2465"}],"wp:term":[{"taxonomy":"product_brand","embeddable":true,"href":"https:\/\/souahel-epices.com\/ar\/wp-json\/wp\/v2\/product_brand?post=2465"},{"taxonomy":"product_cat","embeddable":true,"href":"https:\/\/souahel-epices.com\/ar\/wp-json\/wp\/v2\/product_cat?post=2465"},{"taxonomy":"product_tag","embeddable":true,"href":"https:\/\/souahel-epices.com\/ar\/wp-json\/wp\/v2\/product_tag?post=2465"}],"curies":[{"name":"wp","href":"https:\/\/api.w.org\/{rel}","templated":true}]}}