{"id":264,"date":"2023-06-14T11:27:19","date_gmt":"2023-06-14T11:27:19","guid":{"rendered":"https:\/\/souahel-epices.com\/?post_type=product&#038;p=264"},"modified":"2025-06-14T14:17:06","modified_gmt":"2025-06-14T14:17:06","slug":"special-merguez-5kg","status":"publish","type":"product","link":"https:\/\/souahel-epices.com\/ar\/product\/special-merguez-5kg\/","title":{"rendered":"\u062e\u0627\u0635 \u0627\u0644\u0645\u0631\u0642\u0627\u0632"},"content":{"rendered":"<p>\u00c0 la recherche d&rsquo;une recette d&rsquo;\u00e9pices pour merguez parfaite ? Ne cherchez plus !<br \/>\nEssayez notre m\u00e9lange sp\u00e9cial Souahel pour des merguez exceptionnelles, 100 % naturel, sans colorant ni produit chimique. Vous ne serez pas d\u00e9\u00e7u !<\/p>\n<p><img fetchpriority=\"high\" decoding=\"async\" class=\"size-medium wp-image-2457 alignleft\" src=\"https:\/\/le-souahel-epices.com\/wp-content\/uploads\/2023\/06\/IMG_20240909_094112_131-169x300.jpg\" alt=\"\" width=\"169\" height=\"300\" srcset=\"https:\/\/souahel-epices.com\/wp-content\/uploads\/2023\/06\/IMG_20240909_094112_131-169x300.jpg 169w, https:\/\/souahel-epices.com\/wp-content\/uploads\/2023\/06\/IMG_20240909_094112_131-576x1024.jpg 576w, https:\/\/souahel-epices.com\/wp-content\/uploads\/2023\/06\/IMG_20240909_094112_131-768x1365.jpg 768w, https:\/\/souahel-epices.com\/wp-content\/uploads\/2023\/06\/IMG_20240909_094112_131-864x1536.jpg 864w, https:\/\/souahel-epices.com\/wp-content\/uploads\/2023\/06\/IMG_20240909_094112_131-7x12.jpg 7w, https:\/\/souahel-epices.com\/wp-content\/uploads\/2023\/06\/IMG_20240909_094112_131-338x600.jpg 338w, https:\/\/souahel-epices.com\/wp-content\/uploads\/2023\/06\/IMG_20240909_094112_131-600x1067.jpg 600w, https:\/\/souahel-epices.com\/wp-content\/uploads\/2023\/06\/IMG_20240909_094112_131.jpg 1080w\" sizes=\"(max-width: 169px) 100vw, 169px\" \/><\/p>\n<p>\u2714\ufe0f Dosage id\u00e9al : 60 g de m\u00e9lange pour 1 kg de viande. Prix \u00e0<br \/>\npartir de 1400 da kg: 1 kg : 1 700 DA<br \/>\n3 kg : 4 950 DA<br \/>\n5 kg et plus : 80 00 DA<br \/>\nLivraison : disponible dans les 58 Wilayas avec paiement \u00e0 la livraison.<br \/>\nTel :0550 67 41 30 \/ 0772 29 78 37<\/p>\n<p>Formats disponibles :<\/p>\n<p>Sacs de 100g, 500 g, 1 kg, 2 kg, et 5 kg<br \/>\nComposition :<br \/>\nPoivre noir, cumin, ail, piment doux, cannelle, carvi, fenouil, coriandre, ail, gingembre.<br \/>\n\u00c9chantillon de 50 g disponible pour essai.<\/p>","protected":false},"excerpt":{"rendered":"<p data-start=\"287\" data-end=\"381\"><strong data-start=\"287\" data-end=\"381\">\u0648\u0625\u0630\u0627 \u0643\u0627\u0646 \u0627\u0644\u0641\u0631\u0642 \u0628\u064a\u0646 \u0637\u0628\u0642 \u0639\u0627\u062f\u064a \u0648\u0637\u0628\u0642 \u0644\u0630\u064a\u0630... \u0647\u0648 \u0628\u0628\u0633\u00e9\u0637 \u062a\u0648\u0627\u0628\u0644\u064f\u0643\u0645 \u0641\u0642\u0637 \u061f<\/strong><\/p>\n<h3 data-start=\"481\" data-end=\"532\">\ud83c\udf7d\ufe0f Des merguez d\u00e9licieuses, sans prise de t\u00eate<\/h3>\n<p data-start=\"534\" data-end=\"740\">Vous aimez pr\u00e9parer des merguez maison ou relever vos grillades, mais vous n\u2019avez pas toujours le bon dosage ?<br data-start=\"644\" data-end=\"647\" \/>Le <strong data-start=\"650\" data-end=\"680\">M\u00e9lange Merguez de Souahel<\/strong> est l\u00e0 pour vous <strong data-start=\"698\" data-end=\"739\">faciliter la vie et relever vos plats<\/strong>.<\/p>\n<p data-start=\"742\" data-end=\"918\">\u2705 <strong data-start=\"744\" data-end=\"779\">Dosage parfait, pr\u00eat \u00e0 l\u2019emploi<\/strong><br data-start=\"779\" data-end=\"782\" \/>\u2705 <strong data-start=\"784\" data-end=\"832\">Go\u00fbt authentique et bien piquant, sans exc\u00e8s<\/strong><br data-start=\"832\" data-end=\"835\" \/>\u2705 <strong data-start=\"837\" data-end=\"872\">Pens\u00e9 pour les palais alg\u00e9riens<\/strong>, que vous les aimiez tendres ou bien relev\u00e9es<\/p>\n<h3 data-start=\"388\" data-end=\"439\"><\/h3>\n<h3 data-start=\"388\" data-end=\"439\"><strong data-start=\"854\" data-end=\"884\">Pourquoi choisir Souahel ?<\/strong><\/h3>\n<h4 data-start=\"886\" data-end=\"906\">\ud83d\udd25 Go\u00fbt garanti<\/h4>\n<p data-start=\"907\" data-end=\"1086\">Nos m\u00e9langes sont \u00e9labor\u00e9s avec <strong data-start=\"939\" data-end=\"964\">des experts en ar\u00f4mes<\/strong> issus d\u2019une multinationale.<br data-start=\"992\" data-end=\"995\" \/>Chaque ingr\u00e9dient est s\u00e9lectionn\u00e9 pour <strong data-start=\"1034\" data-end=\"1064\">cr\u00e9er un \u00e9quilibre parfait<\/strong>, sans rien \u00e0 ajouter.<\/p>\n<h4 data-start=\"1088\" data-end=\"1111\">\ud83c\udf3f 100 % naturel<\/h4>\n<p data-start=\"1112\" data-end=\"1235\">Aucune triche, aucun additif.<br data-start=\"1141\" data-end=\"1144\" \/>Seulement des <strong data-start=\"1158\" data-end=\"1186\">\u00e9pices pures et fra\u00eeches<\/strong>, venues des meilleurs producteurs dans le monde.<\/p>\n<h4 data-start=\"1237\" data-end=\"1264\">\ud83e\uddc2 Qualit\u00e9 constante<\/h4>\n<p data-start=\"1265\" data-end=\"1378\">Poivre, cumin, paprika\u2026 chaque ingr\u00e9dient est <strong data-start=\"1311\" data-end=\"1338\">authentique et tra\u00e7able<\/strong>.<br data-start=\"1339\" data-end=\"1342\" \/>On ne plaisante pas avec la qualit\u00e9.<\/p>\n<h3 data-start=\"1385\" data-end=\"1439\">\ud83d\udce3 <strong data-start=\"1392\" data-end=\"1439\">Ils ont test\u00e9, et ils n\u2019en reviennent pas !<\/strong><\/h3>\n<blockquote data-start=\"1441\" data-end=\"1874\">\n<p data-start=\"1443\" data-end=\"1593\">\u201cJe ne savais pas que changer d\u2019\u00e9pices pouvait changer tout un plat. Depuis que j\u2019utilise Souahel, c\u2019est un autre niveau.\u201d \u2014 <em data-start=\"1568\" data-end=\"1591\">Fatima, Draa El Mizan<\/em><\/p>\n<p data-start=\"1600\" data-end=\"1745\">\u201cD\u00e9couvert en 2018, jamais chang\u00e9 depuis. R\u00e9sultat impeccable, et j\u2019attends les nouvelles recettes chaque mois.\u201d \u2014 <em data-start=\"1715\" data-end=\"1743\">Karim, restaurateur \u00e0 Tizi<\/em><\/p>\n<p data-start=\"1752\" data-end=\"1874\">\u201cAvec trois enfants \u00e0 la maison, j\u2019ai besoin que \u00e7a soit rapide <strong data-start=\"1816\" data-end=\"1822\">et<\/strong> bon. Souahel m\u2019a sauv\u00e9 la vie.\u201d \u2014 <em data-start=\"1857\" data-end=\"1874\">Nassima, Azazga<\/em><\/p>\n<p>&nbsp;<\/p><\/blockquote>\n<h3 data-start=\"1881\" data-end=\"1925\">\ud83d\ude9a Livraison rapide \u00e0 Tizi et environs<\/h3>\n<p data-start=\"1926\" data-end=\"1986\">Commandez aujourd\u2019hui, recevez chez vous en <strong data-start=\"1970\" data-end=\"1985\">1 \u00e0 3 jours<\/strong>.<\/p>\n<h3 data-start=\"1988\" data-end=\"2011\">\ud83c\udfaf C\u2019est simple :<\/h3>\n<ol data-start=\"2012\" data-end=\"2169\">\n<li data-start=\"2012\" data-end=\"2057\">\n<p data-start=\"2015\" data-end=\"2057\">Vous commandez le m\u00e9lange de votre choix<\/p>\n<\/li>\n<li data-start=\"2058\" data-end=\"2100\">\n<p data-start=\"2061\" data-end=\"2100\">Vous suivez le dosage sur l\u2019emballage<\/p>\n<\/li>\n<li data-start=\"2101\" data-end=\"2169\">\n<p data-start=\"2104\" data-end=\"2169\">Vous d\u00e9gustez \u2013 et vous ne voudrez plus jamais revenir en arri\u00e8re<\/p>\n<\/li>\n<\/ol>\n<h3 data-start=\"2176\" data-end=\"2205\">\ud83d\udce9 Commandez maintenant<\/h3>","protected":false},"featured_media":4200,"comment_status":"open","ping_status":"closed","template":"","meta":{"_acf_changed":false,"_monsterinsights_skip_tracking":false,"_monsterinsights_sitenote_active":false,"_monsterinsights_sitenote_note":"","_monsterinsights_sitenote_category":0},"product_brand":[],"product_cat":[20],"product_tag":[],"class_list":{"0":"post-264","1":"product","2":"type-product","3":"status-publish","4":"has-post-thumbnail","6":"product_cat-melanges","8":"first","9":"instock","10":"taxable","11":"shipping-taxable","12":"purchasable","13":"product-type-variable","14":"wvs-archive-product-wrapper","15":"wpzoom-wc-spi-has-enabled"},"acf":[],"_links":{"self":[{"href":"https:\/\/souahel-epices.com\/ar\/wp-json\/wp\/v2\/product\/264","targetHints":{"allow":["GET"]}}],"collection":[{"href":"https:\/\/souahel-epices.com\/ar\/wp-json\/wp\/v2\/product"}],"about":[{"href":"https:\/\/souahel-epices.com\/ar\/wp-json\/wp\/v2\/types\/product"}],"replies":[{"embeddable":true,"href":"https:\/\/souahel-epices.com\/ar\/wp-json\/wp\/v2\/comments?post=264"}],"wp:featuredmedia":[{"embeddable":true,"href":"https:\/\/souahel-epices.com\/ar\/wp-json\/wp\/v2\/media\/4200"}],"wp:attachment":[{"href":"https:\/\/souahel-epices.com\/ar\/wp-json\/wp\/v2\/media?parent=264"}],"wp:term":[{"taxonomy":"product_brand","embeddable":true,"href":"https:\/\/souahel-epices.com\/ar\/wp-json\/wp\/v2\/product_brand?post=264"},{"taxonomy":"product_cat","embeddable":true,"href":"https:\/\/souahel-epices.com\/ar\/wp-json\/wp\/v2\/product_cat?post=264"},{"taxonomy":"product_tag","embeddable":true,"href":"https:\/\/souahel-epices.com\/ar\/wp-json\/wp\/v2\/product_tag?post=264"}],"curies":[{"name":"wp","href":"https:\/\/api.w.org\/{rel}","templated":true}]}}