{"id":2699,"date":"2025-04-13T14:21:24","date_gmt":"2025-04-13T14:21:24","guid":{"rendered":"https:\/\/souahel-epices.com\/?post_type=product&#038;p=2699"},"modified":"2026-03-22T00:28:45","modified_gmt":"2026-03-22T00:28:45","slug":"special-pizza","status":"publish","type":"product","link":"https:\/\/souahel-epices.com\/ar\/product\/special-pizza\/","title":{"rendered":"Sp\u00e9cial Pizza"},"content":{"rendered":"<p class=\"\" data-start=\"218\" data-end=\"520\"><strong data-start=\"218\" data-end=\"337\">Donnez une touche authentique et savoureuse \u00e0 vos pizzas avec notre m\u00e9lange d\u2019\u00e9pices sp\u00e9cialement con\u00e7u pour elles.<\/strong><br data-start=\"337\" data-end=\"340\" \/>Inspir\u00e9 des saveurs italiennes, ce m\u00e9lange \u00e9quilibr\u00e9 rehausse le go\u00fbt de vos sauces, garnitures et p\u00e2tes \u00e0 pizza en apportant chaleur, caract\u00e8re et une belle complexit\u00e9 aromatique.<\/p>\n<p class=\"\" data-start=\"522\" data-end=\"798\">Parfait pour les pizzas maison, les pr\u00e9parations en restaurant ou \u00e0 emporter, il s\u2019adapte \u00e0 toutes les recettes : classiques, v\u00e9g\u00e9tariennes, \u00e9pic\u00e9es ou cr\u00e9atives. Saupoudrez-le avant cuisson pour lib\u00e9rer pleinement les ar\u00f4mes, ou apr\u00e8s cuisson pour une touche finale parfum\u00e9e.<\/p>\n<p class=\"\" data-start=\"800\" data-end=\"902\">Que vous soyez pro ou passionn\u00e9 de pizza, ce m\u00e9lange deviendra vite un indispensable de votre cuisine.<\/p>\n<p class=\"\" data-start=\"904\" data-end=\"980\"><strong data-start=\"904\" data-end=\"980\">Un seul geste, une explosion de saveurs digne d\u2019une pizzeria artisanale.<\/strong><\/p>","protected":false},"excerpt":{"rendered":"<p><strong data-start=\"1030\" data-end=\"1064\">M\u00e9lange d\u2019\u00e9pices sp\u00e9cial Pizza \ud83c\udf55<\/strong><br data-start=\"1064\" data-end=\"1067\" \/>Un concentr\u00e9 de saveurs italiennes pour sublimer vos pizzas maison ou pro. \u00c0 utiliser avant ou apr\u00e8s cuisson pour un go\u00fbt authentique et irr\u00e9sistible.<\/p>","protected":false},"featured_media":2705,"comment_status":"open","ping_status":"closed","template":"","meta":{"_acf_changed":false,"_monsterinsights_skip_tracking":false,"_monsterinsights_sitenote_active":false,"_monsterinsights_sitenote_note":"","_monsterinsights_sitenote_category":0},"product_brand":[],"product_cat":[20],"product_tag":[],"class_list":{"0":"post-2699","1":"product","2":"type-product","3":"status-publish","4":"has-post-thumbnail","6":"product_cat-melanges","8":"first","9":"instock","10":"purchasable","11":"product-type-variable","12":"wvs-archive-product-wrapper"},"acf":[],"_links":{"self":[{"href":"https:\/\/souahel-epices.com\/ar\/wp-json\/wp\/v2\/product\/2699","targetHints":{"allow":["GET"]}}],"collection":[{"href":"https:\/\/souahel-epices.com\/ar\/wp-json\/wp\/v2\/product"}],"about":[{"href":"https:\/\/souahel-epices.com\/ar\/wp-json\/wp\/v2\/types\/product"}],"replies":[{"embeddable":true,"href":"https:\/\/souahel-epices.com\/ar\/wp-json\/wp\/v2\/comments?post=2699"}],"wp:featuredmedia":[{"embeddable":true,"href":"https:\/\/souahel-epices.com\/ar\/wp-json\/wp\/v2\/media\/2705"}],"wp:attachment":[{"href":"https:\/\/souahel-epices.com\/ar\/wp-json\/wp\/v2\/media?parent=2699"}],"wp:term":[{"taxonomy":"product_brand","embeddable":true,"href":"https:\/\/souahel-epices.com\/ar\/wp-json\/wp\/v2\/product_brand?post=2699"},{"taxonomy":"product_cat","embeddable":true,"href":"https:\/\/souahel-epices.com\/ar\/wp-json\/wp\/v2\/product_cat?post=2699"},{"taxonomy":"product_tag","embeddable":true,"href":"https:\/\/souahel-epices.com\/ar\/wp-json\/wp\/v2\/product_tag?post=2699"}],"curies":[{"name":"wp","href":"https:\/\/api.w.org\/{rel}","templated":true}]}}