{"id":321,"date":"2023-06-14T13:25:06","date_gmt":"2023-06-14T13:25:06","guid":{"rendered":"https:\/\/souahel-epices.com\/?post_type=product&#038;p=321"},"modified":"2025-04-23T16:45:42","modified_gmt":"2025-04-23T16:45:42","slug":"special-poulet","status":"publish","type":"product","link":"https:\/\/souahel-epices.com\/ar\/product\/special-poulet\/","title":{"rendered":"\u062e\u0627\u0635 \u0627\u0644\u062f\u062c\u0627\u062c"},"content":{"rendered":"<div class=\"flex-1 overflow-hidden\">\n<div class=\"react-scroll-to-bottom--css-jvsba-79elbk h-full dark:bg-gray-800\">\n<div class=\"react-scroll-to-bottom--css-jvsba-1n7m0yu\">\n<div class=\"flex flex-col h-full text-sm dark:bg-gray-800\">\n<div class=\"group w-full text-gray-800 dark:text-gray-100 border-b border-black\/10 dark:border-gray-900\/50 bg-gray-50 dark:bg-[#444654]\">\n<div class=\"flex p-4 gap-4 text-base md:gap-6 md:max-w-2xl lg:max-w-[38rem] xl:max-w-3xl md:py-6 lg:px-0 m-auto\">\n<div class=\"relative flex w-[calc(100%-50px)] flex-col gap-1 md:gap-3 lg:w-[calc(100%-115px)]\">\n<div class=\"flex flex-grow flex-col gap-3\">\n<div class=\"min-h-[20px] flex items-start overflow-x-auto whitespace-pre-wrap break-words flex-col gap-4\">\n<div class=\"markdown prose w-full break-words dark:prose-invert light\">\n<p>Nous sommes ravis de vous pr\u00e9senter notre m\u00e9lange d&rsquo;\u00e9pices pour le poulet, une recette sp\u00e9cialement con\u00e7ue pour rehausser la saveur de vos pr\u00e9parations ! Nous comprenons l&rsquo;importance cruciale des proportions et des rapports des \u00e9pices dans un m\u00e9lange parfait. C&rsquo;est pourquoi notre \u00e9quipe a m\u00e9ticuleusement cr\u00e9\u00e9 cette combinaison d&rsquo;\u00e9pices, recherchant l&rsquo;\u00e9quilibre parfait entre les diff\u00e9rentes saveurs.<\/p>\n<p>L&rsquo;un des avantages de notre m\u00e9lange est sa polyvalence, s&rsquo;adaptant \u00e0 toutes les recettes de poulet. Que vous cuisiniez un poulet fermier tendre et savoureux ou un poulet d&rsquo;\u00e9levage plus robuste, notre m\u00e9lange s&rsquo;adapte \u00e0 chaque situation. Vous n&rsquo;aurez qu&rsquo;\u00e0 ajuster les quantit\u00e9s utilis\u00e9es en fonction du type de poulet pour obtenir le meilleur r\u00e9sultat.<\/p>\n<p>Pour les recettes \u00e0 base de poulet fermier, il suffira d&rsquo;utiliser une quantit\u00e9 plus mod\u00e9r\u00e9e du m\u00e9lange, car la saveur naturelle de cette viande d\u00e9licate s&rsquo;accorde parfaitement avec nos \u00e9pices. En revanche, pour les poulets d&rsquo;\u00e9levage, vous pourrez doser le m\u00e9lange plus g\u00e9n\u00e9reusement afin de rehausser le go\u00fbt.<\/p>\n<p>Notre m\u00e9lange d&rsquo;\u00e9pices pour le poulet est une v\u00e9ritable invitation \u00e0 un voyage gustatif exquis, et il est id\u00e9al aussi bien pour les pr\u00e9parations maison que pour les plats \u00e0 emporter. Vous verrez comment il peut rapidement attirer une client\u00e8le avide de nouvelles exp\u00e9riences culinaires !<\/p>\n<p>N&rsquo;h\u00e9sitez pas \u00e0 int\u00e9grer notre m\u00e9lange d&rsquo;\u00e9pices \u00e0 votre cuisine, et vous constaterez \u00e0 quel point il apporte une touche de d\u00e9licatesse et d&rsquo;originalit\u00e9 \u00e0 chacune de vos cr\u00e9ations. Ouvrez les portes d&rsquo;une nouvelle dimension de saveurs pour vos plats de poulet, et savourez l&rsquo;engouement de vos clients qui reviendront pour cette exp\u00e9rience culinaire unique et m\u00e9morable !<\/p>\n<\/div>\n<\/div>\n<\/div>\n<\/div>\n<\/div>\n<\/div>\n<\/div>\n<\/div>\n<\/div>\n<\/div>","protected":false},"excerpt":{"rendered":"<p>D\u00e9couvrez notre m\u00e9lange d&rsquo;\u00e9pices pour le poulet ! Adapt\u00e9 aux poulets d&rsquo;\u00e9levage et fermiers, notre produit sublimera vos pr\u00e9parations. Que ce soit pour votre restaurant, un repas \u00e0 emporter ou chez vous, attirez de nouveaux clients gr\u00e2ce \u00e0 notre m\u00e9lange unique. Des saveurs audacieuses et vari\u00e9es pour des plats inoubliables. Essayez-le maintenant !<\/p>","protected":false},"featured_media":324,"comment_status":"open","ping_status":"closed","template":"","meta":{"_acf_changed":false,"_monsterinsights_skip_tracking":false,"_monsterinsights_sitenote_active":false,"_monsterinsights_sitenote_note":"","_monsterinsights_sitenote_category":0},"product_brand":[],"product_cat":[20],"product_tag":[],"class_list":{"0":"post-321","1":"product","2":"type-product","3":"status-publish","4":"has-post-thumbnail","6":"product_cat-melanges","8":"first","9":"instock","10":"taxable","11":"shipping-taxable","12":"purchasable","13":"product-type-variable","14":"wvs-archive-product-wrapper","15":"wpzoom-wc-spi-has-enabled"},"acf":[],"_links":{"self":[{"href":"https:\/\/souahel-epices.com\/ar\/wp-json\/wp\/v2\/product\/321","targetHints":{"allow":["GET"]}}],"collection":[{"href":"https:\/\/souahel-epices.com\/ar\/wp-json\/wp\/v2\/product"}],"about":[{"href":"https:\/\/souahel-epices.com\/ar\/wp-json\/wp\/v2\/types\/product"}],"replies":[{"embeddable":true,"href":"https:\/\/souahel-epices.com\/ar\/wp-json\/wp\/v2\/comments?post=321"}],"wp:featuredmedia":[{"embeddable":true,"href":"https:\/\/souahel-epices.com\/ar\/wp-json\/wp\/v2\/media\/324"}],"wp:attachment":[{"href":"https:\/\/souahel-epices.com\/ar\/wp-json\/wp\/v2\/media?parent=321"}],"wp:term":[{"taxonomy":"product_brand","embeddable":true,"href":"https:\/\/souahel-epices.com\/ar\/wp-json\/wp\/v2\/product_brand?post=321"},{"taxonomy":"product_cat","embeddable":true,"href":"https:\/\/souahel-epices.com\/ar\/wp-json\/wp\/v2\/product_cat?post=321"},{"taxonomy":"product_tag","embeddable":true,"href":"https:\/\/souahel-epices.com\/ar\/wp-json\/wp\/v2\/product_tag?post=321"}],"curies":[{"name":"wp","href":"https:\/\/api.w.org\/{rel}","templated":true}]}}