{"id":668,"date":"2023-06-16T18:18:58","date_gmt":"2023-06-16T18:18:58","guid":{"rendered":"https:\/\/souahel-epices.com\/?post_type=product&#038;p=668"},"modified":"2025-04-23T16:44:30","modified_gmt":"2025-04-23T16:44:30","slug":"special-poisson","status":"publish","type":"product","link":"https:\/\/souahel-epices.com\/ar\/product\/special-poisson\/","title":{"rendered":"\u062e\u0644\u0637\u0629 \u062e\u0627\u0635\u0629 \u0628\u0627\u0644\u0633\u0645\u0643"},"content":{"rendered":"<p>Vous \u00eates un amateur de poisson ? D\u00e9couvrez notre m\u00e9lange d&rsquo;\u00e9pices sp\u00e9ciales pour poissons qui va r\u00e9v\u00e9ler toute la saveur de vos pr\u00e9parations ! Ce m\u00e9lange est compos\u00e9 d&rsquo;une combinaison unique d&rsquo;\u00e9pices telles que le citron, l&rsquo;aneth, le persil, l&rsquo;ail et d&rsquo;autres ingr\u00e9dients soigneusement s\u00e9lectionn\u00e9s pour donner une touche de fra\u00eecheur et de d\u00e9licatesse \u00e0 vos plats de poisson. Que vous pr\u00e9f\u00e9riez les grillades, les papillotes ou les plats mijot\u00e9s, notre m\u00e9lange d&rsquo;\u00e9pices pour poissons saura sublimer vos recettes et ravir vos papilles.<\/p>\n<p>Notre m\u00e9lange d&rsquo;\u00e9pices pour poissons est facile \u00e0 utiliser : il suffit de saupoudrer g\u00e9n\u00e9reusement votre poisson avant la cuisson pour en lib\u00e9rer tous les ar\u00f4mes. Que vous soyez un professionnel de la cuisine ou un passionn\u00e9 de cuisine \u00e0 domicile, notre m\u00e9lange d&rsquo;\u00e9pices est disponible dans diff\u00e9rents formats pour r\u00e9pondre \u00e0 tous les besoins. Vous pouvez choisir parmi nos sacs de 500 g \u00e0 des prix abordables et comp\u00e9titifs.<\/p>","protected":false},"excerpt":{"rendered":"<p>D\u00e9couvrez notre m\u00e9lange d&rsquo;\u00e9pices pour le poisson, une fusion parfaite entre la tradition culinaire fran\u00e7aise et nos habitudes de d\u00e9gustation exquises ! Inspir\u00e9 par la richesse des saveurs de la cuisine fran\u00e7aise, ce m\u00e9lange unique a \u00e9t\u00e9 sp\u00e9cialement con\u00e7u pour sublimer tous vos plats de poisson, qu&rsquo;il s&rsquo;agisse de sardines savoureuses ou d&rsquo;autres d\u00e9lices marins.<\/p>","protected":false},"featured_media":669,"comment_status":"open","ping_status":"closed","template":"","meta":{"_acf_changed":false,"_monsterinsights_skip_tracking":false,"_monsterinsights_sitenote_active":false,"_monsterinsights_sitenote_note":"","_monsterinsights_sitenote_category":0},"product_brand":[],"product_cat":[20],"product_tag":[],"class_list":{"0":"post-668","1":"product","2":"type-product","3":"status-publish","4":"has-post-thumbnail","6":"product_cat-melanges","8":"first","9":"instock","10":"taxable","11":"shipping-taxable","12":"purchasable","13":"product-type-variable","14":"wvs-archive-product-wrapper","15":"wpzoom-wc-spi-has-enabled"},"acf":[],"_links":{"self":[{"href":"https:\/\/souahel-epices.com\/ar\/wp-json\/wp\/v2\/product\/668","targetHints":{"allow":["GET"]}}],"collection":[{"href":"https:\/\/souahel-epices.com\/ar\/wp-json\/wp\/v2\/product"}],"about":[{"href":"https:\/\/souahel-epices.com\/ar\/wp-json\/wp\/v2\/types\/product"}],"replies":[{"embeddable":true,"href":"https:\/\/souahel-epices.com\/ar\/wp-json\/wp\/v2\/comments?post=668"}],"wp:featuredmedia":[{"embeddable":true,"href":"https:\/\/souahel-epices.com\/ar\/wp-json\/wp\/v2\/media\/669"}],"wp:attachment":[{"href":"https:\/\/souahel-epices.com\/ar\/wp-json\/wp\/v2\/media?parent=668"}],"wp:term":[{"taxonomy":"product_brand","embeddable":true,"href":"https:\/\/souahel-epices.com\/ar\/wp-json\/wp\/v2\/product_brand?post=668"},{"taxonomy":"product_cat","embeddable":true,"href":"https:\/\/souahel-epices.com\/ar\/wp-json\/wp\/v2\/product_cat?post=668"},{"taxonomy":"product_tag","embeddable":true,"href":"https:\/\/souahel-epices.com\/ar\/wp-json\/wp\/v2\/product_tag?post=668"}],"curies":[{"name":"wp","href":"https:\/\/api.w.org\/{rel}","templated":true}]}}